{"id":9605,"date":"2021-04-14T11:28:24","date_gmt":"2021-04-14T11:28:24","guid":{"rendered":"http:\/\/www.ikaenerji.com\/?page_id=9605"},"modified":"2021-04-14T20:35:33","modified_gmt":"2021-04-14T20:35:33","slug":"project-management","status":"publish","type":"page","link":"http:\/\/www.ikaenerji.com\/en\/project-management\/","title":{"rendered":"Project Management"},"content":{"rendered":"<p>[vc_row][vc_column][vc_column_text]<\/p>\n<ul>\n<li><strong>Wind analysis \/ measurement<\/strong><\/li>\n<li><strong>Cost and cash management<\/strong><\/li>\n<li><strong>Turbine selection \/ Contract management<\/strong><\/li>\n<li><strong>Management of admission process through governmental institutions<\/strong><\/li>\n<li><strong>Logistics Management<\/strong><\/li>\n<li><strong>Site Management<\/strong><\/li>\n<li><strong>HSE Management<\/strong><\/li>\n<li><strong>Risk Management<\/strong><\/li>\n<li><strong>Finishing and Gate<\/strong><\/li>\n<li><strong>Quality Management<\/strong><\/li>\n<li><strong>Commissioning<\/strong><\/li>\n<\/ul>\n<p><strong>\u00a0<\/strong><\/p>\n<p><strong>\u00a0<\/strong><\/p>\n<p>a.<strong>\u00a0Wind analysis<\/strong><\/p>\n<ul>\n<li><img loading=\"lazy\" class=\"size-medium wp-image-1772 alignright\" src=\"http:\/\/ika.sercanyilmaz.org\/wp-content\/uploads\/2016\/11\/Ruzgaranalizi-300x225.jpg\" sizes=\"(max-width: 300px) 100vw, 300px\" srcset=\"https:\/\/sercanceken.com\/wp-content\/uploads\/2016\/11\/Ruzgaranalizi-300x225.jpg 300w, https:\/\/sercanceken.com\/wp-content\/uploads\/2016\/11\/Ruzgaranalizi-768x576.jpg 768w, https:\/\/sercanceken.com\/wp-content\/uploads\/2016\/11\/Ruzgaranalizi-1024x768.jpg 1024w, https:\/\/sercanceken.com\/wp-content\/uploads\/2016\/11\/Ruzgaranalizi-870x653.jpg 870w, https:\/\/sercanceken.com\/wp-content\/uploads\/2016\/11\/Ruzgaranalizi-390x293.jpg 390w, https:\/\/sercanceken.com\/wp-content\/uploads\/2016\/11\/Ruzgaranalizi-1170x878.jpg 1170w\" alt=\"ruzgaranalizi\" width=\"300\" height=\"225\" \/>Analysis through earlier measurements and wind atlas<\/li>\n<li>Inspection of physical conditions through a site visit<\/li>\n<li>Pre-feasibility report<\/li>\n<li>Supply and installation of measurement equipments (min. 6 months)<\/li>\n<li>Feasibility report<\/li>\n<li>Financial study based on wind speed<\/li>\n<li>Decision of investment and execution<\/li>\n<\/ul>\n<p>&nbsp;<\/p>\n<p><strong>a2. Wind speed measurement<img loading=\"lazy\" class=\"size-medium wp-image-1773 alignright\" src=\"http:\/\/ika.sercanyilmaz.org\/wp-content\/uploads\/2016\/11\/ruzgarolcum-300x136.jpg\" sizes=\"(max-width: 300px) 100vw, 300px\" srcset=\"https:\/\/sercanceken.com\/wp-content\/uploads\/2016\/11\/ruzgarolcum-300x136.jpg 300w, https:\/\/sercanceken.com\/wp-content\/uploads\/2016\/11\/ruzgarolcum-768x349.jpg 768w, https:\/\/sercanceken.com\/wp-content\/uploads\/2016\/11\/ruzgarolcum-1024x465.jpg 1024w, https:\/\/sercanceken.com\/wp-content\/uploads\/2016\/11\/ruzgarolcum-870x395.jpg 870w, https:\/\/sercanceken.com\/wp-content\/uploads\/2016\/11\/ruzgarolcum-390x177.jpg 390w, https:\/\/sercanceken.com\/wp-content\/uploads\/2016\/11\/ruzgarolcum-1170x532.jpg 1170w\" alt=\"ruzgarolcum\" width=\"300\" height=\"136\" \/><\/strong><\/p>\n<p>&nbsp;<\/p>\n<ul>\n<li>Getting necessary admissions to measure<\/li>\n<li>Determining the right measurement location<\/li>\n<li>Selection and installation of measurement mast, sensors<\/li>\n<li>Data acquisition and analysis<\/li>\n<li>Determining wind speed potential of site<\/li>\n<\/ul>\n<p>&nbsp;<\/p>\n<p>&nbsp;<\/p>\n<p><strong>\u00a0 \u00a0 \u00a0 b. Cost and cast management<img loading=\"lazy\" class=\"size-medium wp-image-1765 alignright\" src=\"http:\/\/ika.sercanyilmaz.org\/wp-content\/uploads\/2016\/11\/Maliyet-Y%C3%B6netimi-300x193.jpg\" sizes=\"(max-width: 300px) 100vw, 300px\" srcset=\"https:\/\/sercanceken.com\/wp-content\/uploads\/2016\/11\/Maliyet-Y\u00f6netimi-300x193.jpg 300w, https:\/\/sercanceken.com\/wp-content\/uploads\/2016\/11\/Maliyet-Y\u00f6netimi-768x494.jpg 768w, https:\/\/sercanceken.com\/wp-content\/uploads\/2016\/11\/Maliyet-Y\u00f6netimi-1024x659.jpg 1024w, https:\/\/sercanceken.com\/wp-content\/uploads\/2016\/11\/Maliyet-Y\u00f6netimi-870x560.jpg 870w, https:\/\/sercanceken.com\/wp-content\/uploads\/2016\/11\/Maliyet-Y\u00f6netimi-390x251.jpg 390w, https:\/\/sercanceken.com\/wp-content\/uploads\/2016\/11\/Maliyet-Y\u00f6netimi-373x240.jpg 373w, https:\/\/sercanceken.com\/wp-content\/uploads\/2016\/11\/Maliyet-Y\u00f6netimi-1170x753.jpg 1170w\" alt=\"maliyet-yonetimi\" width=\"300\" height=\"193\" \/><\/strong><\/p>\n<p>&nbsp;<\/p>\n<ul>\n<li>Creating project cost structure and cost plan<\/li>\n<li>Placing of direct and indirect expenses<\/li>\n<li>Tracking, control and reporting<\/li>\n<li>Project cash flow planning considering contract and work schedule<\/li>\n<li>Cash flow plan \/ reporting<\/li>\n<\/ul>\n<p>&nbsp;<\/p>\n<p>&nbsp;<\/p>\n<p>&nbsp;<\/p>\n<p>&nbsp;<\/p>\n<p>&nbsp;<\/p>\n<p><strong>\u00a0 \u00a0 \u00a0 c. Turbine selection \/ Contract Managament<\/strong><\/p>\n<p><strong><img loading=\"lazy\" class=\"size-medium wp-image-1770 alignright\" src=\"http:\/\/ika.sercanyilmaz.org\/wp-content\/uploads\/2016\/11\/T%C3%BCrbin-se%C3%A7imi-_-kontrat-y%C3%B6netimi-300x188.jpg\" sizes=\"(max-width: 300px) 100vw, 300px\" srcset=\"https:\/\/sercanceken.com\/wp-content\/uploads\/2016\/11\/T\u00fcrbin-se\u00e7imi-_-kontrat-y\u00f6netimi-300x188.jpg 300w, https:\/\/sercanceken.com\/wp-content\/uploads\/2016\/11\/T\u00fcrbin-se\u00e7imi-_-kontrat-y\u00f6netimi-768x480.jpg 768w, https:\/\/sercanceken.com\/wp-content\/uploads\/2016\/11\/T\u00fcrbin-se\u00e7imi-_-kontrat-y\u00f6netimi-1024x640.jpg 1024w, https:\/\/sercanceken.com\/wp-content\/uploads\/2016\/11\/T\u00fcrbin-se\u00e7imi-_-kontrat-y\u00f6netimi-870x544.jpg 870w, https:\/\/sercanceken.com\/wp-content\/uploads\/2016\/11\/T\u00fcrbin-se\u00e7imi-_-kontrat-y\u00f6netimi-390x244.jpg 390w, https:\/\/sercanceken.com\/wp-content\/uploads\/2016\/11\/T\u00fcrbin-se\u00e7imi-_-kontrat-y\u00f6netimi-1170x731.jpg 1170w\" alt=\"turbin-secimi-_-kontrat-yonetimi\" width=\"300\" height=\"188\" \/><\/strong><\/p>\n<p>&nbsp;<\/p>\n<ul>\n<li>Turbine selection through data acquisition and analysis<\/li>\n<li>Cost \/ Production study to do the best choice<\/li>\n<li>Management of the contract signed with the turbine manufacturer<\/li>\n<\/ul>\n<p>&nbsp;<\/p>\n<p><strong>\u00a0d. Management of admission process through governmental institutions<\/strong><\/p>\n<p><strong><img loading=\"lazy\" class=\"size-medium wp-image-1761 alignright\" src=\"http:\/\/ika.sercanyilmaz.org\/wp-content\/uploads\/2016\/11\/Bakanl%C4%B1k-kabul-i%C5%9Flemleri-300x225.jpg\" sizes=\"(max-width: 300px) 100vw, 300px\" srcset=\"https:\/\/sercanceken.com\/wp-content\/uploads\/2016\/11\/Bakanl\u0131k-kabul-i\u015flemleri-300x225.jpg 300w, https:\/\/sercanceken.com\/wp-content\/uploads\/2016\/11\/Bakanl\u0131k-kabul-i\u015flemleri-768x576.jpg 768w, https:\/\/sercanceken.com\/wp-content\/uploads\/2016\/11\/Bakanl\u0131k-kabul-i\u015flemleri-1024x768.jpg 1024w, https:\/\/sercanceken.com\/wp-content\/uploads\/2016\/11\/Bakanl\u0131k-kabul-i\u015flemleri-870x653.jpg 870w, https:\/\/sercanceken.com\/wp-content\/uploads\/2016\/11\/Bakanl\u0131k-kabul-i\u015flemleri-390x293.jpg 390w, https:\/\/sercanceken.com\/wp-content\/uploads\/2016\/11\/Bakanl\u0131k-kabul-i\u015flemleri-1170x878.jpg 1170w\" alt=\"bakanlik-kabul-islemleri\" width=\"300\" height=\"225\" \/><\/strong><\/p>\n<p><strong>\u00a0<\/strong><\/p>\n<ul>\n<li>Determining the sources of required project documents<\/li>\n<li>Required applications to get these documents<\/li>\n<li>Preparation and delivery of project folders to the related governmental institutions<\/li>\n<li>Organization of Ministry of Energy acceptance team<\/li>\n<li>Preparation and approval of related qualifications<\/li>\n<\/ul>\n<p><strong>\u00a0<\/strong><\/p>\n<p><strong>\u00a0 \u00a0 \u00a0 e.\u00a0Logistic Management<img loading=\"lazy\" class=\"size-medium wp-image-1764 alignright\" src=\"http:\/\/ika.sercanyilmaz.org\/wp-content\/uploads\/2016\/11\/Lojistik-Y%C3%B6netimi-300x225.jpg\" sizes=\"(max-width: 300px) 100vw, 300px\" srcset=\"https:\/\/sercanceken.com\/wp-content\/uploads\/2016\/11\/Lojistik-Y\u00f6netimi-300x225.jpg 300w, https:\/\/sercanceken.com\/wp-content\/uploads\/2016\/11\/Lojistik-Y\u00f6netimi-768x576.jpg 768w, https:\/\/sercanceken.com\/wp-content\/uploads\/2016\/11\/Lojistik-Y\u00f6netimi-1024x768.jpg 1024w, https:\/\/sercanceken.com\/wp-content\/uploads\/2016\/11\/Lojistik-Y\u00f6netimi-870x653.jpg 870w, https:\/\/sercanceken.com\/wp-content\/uploads\/2016\/11\/Lojistik-Y\u00f6netimi-390x293.jpg 390w, https:\/\/sercanceken.com\/wp-content\/uploads\/2016\/11\/Lojistik-Y\u00f6netimi-1170x878.jpg 1170w, https:\/\/sercanceken.com\/wp-content\/uploads\/2016\/11\/Lojistik-Y\u00f6netimi.jpg 1536w\" alt=\"lojistik-yonetimi\" width=\"300\" height=\"225\" \/><\/strong><\/p>\n<p><strong>\u00a0<\/strong><\/p>\n<ul>\n<li>Organizing the whole delivery plan<\/li>\n<li>Obligations of project parties<\/li>\n<li>Investigating the equipment damages throughout transportation process \u2013 contract management \u2013 reporting<\/li>\n<li>Storage management of equipments on site before the installation<\/li>\n<\/ul>\n<p><strong>\u00a0 \u00a0 \u00a0 \u00a0<\/strong><\/p>\n<p><strong>\u00a0 \u00a0 \u00a0 f.\u00a0Site Management<\/strong><\/p>\n<p><strong><img loading=\"lazy\" class=\"size-medium wp-image-1769 alignright\" src=\"http:\/\/ika.sercanyilmaz.org\/wp-content\/uploads\/2016\/11\/%C5%9Eantiye-Y%C3%B6netimi-300x200.jpg\" sizes=\"(max-width: 300px) 100vw, 300px\" srcset=\"https:\/\/sercanceken.com\/wp-content\/uploads\/2016\/11\/\u015eantiye-Y\u00f6netimi-300x200.jpg 300w, https:\/\/sercanceken.com\/wp-content\/uploads\/2016\/11\/\u015eantiye-Y\u00f6netimi-768x512.jpg 768w, https:\/\/sercanceken.com\/wp-content\/uploads\/2016\/11\/\u015eantiye-Y\u00f6netimi-1024x682.jpg 1024w, https:\/\/sercanceken.com\/wp-content\/uploads\/2016\/11\/\u015eantiye-Y\u00f6netimi-870x580.jpg 870w, https:\/\/sercanceken.com\/wp-content\/uploads\/2016\/11\/\u015eantiye-Y\u00f6netimi-390x260.jpg 390w, https:\/\/sercanceken.com\/wp-content\/uploads\/2016\/11\/\u015eantiye-Y\u00f6netimi-1170x780.jpg 1170w\" alt=\"santiye-yonetimi\" width=\"300\" height=\"200\" \/><\/strong><\/p>\n<p>&nbsp;<\/p>\n<ul>\n<li>Preparation of Project Execution Plan (PEP)<\/li>\n<li>Selection and coordination of sub-contractors<\/li>\n<li>Regular reports<\/li>\n<li>Logistics management<\/li>\n<li>Civil works<\/li>\n<li>Installation works<\/li>\n<li>Quality Control<\/li>\n<li>Commissioning works<\/li>\n<li>Completing the necessary mechanical and electrical controls during installation, commissioning and completion stages<\/li>\n<li>Preparation of official punch list of turbines before completion<\/li>\n<\/ul>\n<p>&nbsp;<\/p>\n<p><strong>\u00a0 \u00a0<\/strong><\/p>\n<p>&nbsp;<\/p>\n<p><strong>\u00a0 \u00a0 \u00a0 \u00a0 \u00a0 g.Risk Management<\/strong><\/p>\n<p><strong><img loading=\"lazy\" class=\"size-medium wp-image-1767 alignright\" src=\"http:\/\/ika.sercanyilmaz.org\/wp-content\/uploads\/2016\/11\/Risk-Y%C3%B6netimi-300x225.jpg\" sizes=\"(max-width: 300px) 100vw, 300px\" srcset=\"https:\/\/sercanceken.com\/wp-content\/uploads\/2016\/11\/Risk-Y\u00f6netimi-300x225.jpg 300w, https:\/\/sercanceken.com\/wp-content\/uploads\/2016\/11\/Risk-Y\u00f6netimi-768x576.jpg 768w, https:\/\/sercanceken.com\/wp-content\/uploads\/2016\/11\/Risk-Y\u00f6netimi-1024x768.jpg 1024w, https:\/\/sercanceken.com\/wp-content\/uploads\/2016\/11\/Risk-Y\u00f6netimi-870x653.jpg 870w, https:\/\/sercanceken.com\/wp-content\/uploads\/2016\/11\/Risk-Y\u00f6netimi-390x293.jpg 390w, https:\/\/sercanceken.com\/wp-content\/uploads\/2016\/11\/Risk-Y\u00f6netimi-1170x878.jpg 1170w\" alt=\"risk-yonetimi\" width=\"300\" height=\"225\" \/><\/strong><\/p>\n<p><strong>\u00a0<\/strong><\/p>\n<ul>\n<li>Identification of project risks<\/li>\n<li>Study of probability of project risks<\/li>\n<li>Evaluation of project risks (Time, Cost, Quality)<\/li>\n<li>Identification of solutions to avoid project risks<\/li>\n<li>Continous inspection of project risks<\/li>\n<\/ul>\n<p>&nbsp;<\/p>\n<p>&nbsp;<\/p>\n<p><strong>\u00a0 \u00a0 i. HSE Management<\/strong><\/p>\n<p><strong><img loading=\"lazy\" class=\"size-medium wp-image-1762 alignright\" src=\"http:\/\/ika.sercanyilmaz.org\/wp-content\/uploads\/2016\/11\/%C4%B0S%C4%B0G-Y%C3%B6netimi-300x225.jpg\" sizes=\"(max-width: 300px) 100vw, 300px\" srcset=\"https:\/\/sercanceken.com\/wp-content\/uploads\/2016\/11\/\u0130S\u0130G-Y\u00f6netimi-300x225.jpg 300w, https:\/\/sercanceken.com\/wp-content\/uploads\/2016\/11\/\u0130S\u0130G-Y\u00f6netimi-768x576.jpg 768w, https:\/\/sercanceken.com\/wp-content\/uploads\/2016\/11\/\u0130S\u0130G-Y\u00f6netimi-1024x768.jpg 1024w, https:\/\/sercanceken.com\/wp-content\/uploads\/2016\/11\/\u0130S\u0130G-Y\u00f6netimi-870x653.jpg 870w, https:\/\/sercanceken.com\/wp-content\/uploads\/2016\/11\/\u0130S\u0130G-Y\u00f6netimi-390x293.jpg 390w, https:\/\/sercanceken.com\/wp-content\/uploads\/2016\/11\/\u0130S\u0130G-Y\u00f6netimi-1170x878.jpg 1170w\" alt=\"isig-yonetimi\" width=\"300\" height=\"225\" \/><\/strong><\/p>\n<ul>\n<li>Compliance with necessary HSE measures within the contract<\/li>\n<li>Forming the HSE team<\/li>\n<li>Regular toolboxes, meetings<\/li>\n<li>Establishing preventative activities to minimize the accidents<\/li>\n<li>Increasing HSE awareness of all project groups<\/li>\n<li>Project Evaluation and previous experiences<\/li>\n<\/ul>\n<p>[\/vc_column_text][\/vc_column][\/vc_row]<\/p>\n","protected":false},"excerpt":{"rendered":"<p>[vc_row][vc_column][vc_column_text] Wind analysis \/ measurement Cost and cash management Turbine selection \/ Contract management Management of admission process through governmental institutions Logistics Management Site Management HSE Management Risk Management Finishing and Gate Quality Management Commissioning \u00a0 \u00a0 a.\u00a0Wind analysis Analysis through earlier measurements and wind atlas Inspection of physical conditions through a site visit Pre-feasibility [&hellip;]<\/p>\n","protected":false},"author":1,"featured_media":0,"parent":0,"menu_order":0,"comment_status":"closed","ping_status":"closed","template":"","meta":[],"_links":{"self":[{"href":"http:\/\/www.ikaenerji.com\/en\/wp-json\/wp\/v2\/pages\/9605"}],"collection":[{"href":"http:\/\/www.ikaenerji.com\/en\/wp-json\/wp\/v2\/pages"}],"about":[{"href":"http:\/\/www.ikaenerji.com\/en\/wp-json\/wp\/v2\/types\/page"}],"author":[{"embeddable":true,"href":"http:\/\/www.ikaenerji.com\/en\/wp-json\/wp\/v2\/users\/1"}],"replies":[{"embeddable":true,"href":"http:\/\/www.ikaenerji.com\/en\/wp-json\/wp\/v2\/comments?post=9605"}],"version-history":[{"count":7,"href":"http:\/\/www.ikaenerji.com\/en\/wp-json\/wp\/v2\/pages\/9605\/revisions"}],"predecessor-version":[{"id":9819,"href":"http:\/\/www.ikaenerji.com\/en\/wp-json\/wp\/v2\/pages\/9605\/revisions\/9819"}],"wp:attachment":[{"href":"http:\/\/www.ikaenerji.com\/en\/wp-json\/wp\/v2\/media?parent=9605"}],"curies":[{"name":"wp","href":"https:\/\/api.w.org\/{rel}","templated":true}]}}