{"id":9465,"date":"2021-04-13T23:53:18","date_gmt":"2021-04-13T23:53:18","guid":{"rendered":"http:\/\/www.ikaenerji.com\/?page_id=9465"},"modified":"2021-04-14T20:40:15","modified_gmt":"2021-04-14T20:40:15","slug":"projects","status":"publish","type":"page","link":"http:\/\/www.ikaenerji.com\/en\/projects\/","title":{"rendered":"Projects"},"content":{"rendered":"<p>[vc_row][vc_column][vc_column_text]<\/p>\n<h3 style=\"text-align: center;\">Licensed Projects<\/h3>\n<p>[\/vc_column_text][vc_tta_tour][vc_tta_section title=&#8221;Select a project&#8221; tab_id=&#8221;1618413042686-1a9cffb2-55bd&#8221;][vc_column_text]<\/p>\n<p style=\"text-align: center;\"><strong>You can reach our projects from the side menu.<\/strong><\/p>\n<p style=\"text-align: center;\"><img class=\"wp-image-9745 size-medium aligncenter\" src=\"http:\/\/www.ikaenerji.com\/wp-content\/uploads\/2021\/04\/PNG-Oklar-72-300x162.png\" alt=\"\" width=\"100\" srcset=\"http:\/\/www.ikaenerji.com\/en\/wp-content\/uploads\/2021\/04\/PNG-Oklar-72-300x162.png 300w, http:\/\/www.ikaenerji.com\/en\/wp-content\/uploads\/2021\/04\/PNG-Oklar-72.png 500w\" sizes=\"(max-width: 300px) 100vw, 300px\" \/><\/p>\n<p>[\/vc_column_text][\/vc_tta_section][vc_tta_section title=&#8221;Ba\u011faras\u0131 RES&#8221; tab_id=&#8221;1618413042698-317bbe9a-13cc&#8221;][vc_gallery type=&#8221;image_grid&#8221; images=&#8221;9646,9647,9648,9649,9650,9651,9652,9653,9654,9655,9656,9657,9658,9659,9660,9661,9662,9663&#8243;][\/vc_tta_section][vc_tta_section title=&#8221;Band\u0131rma RES&#8221; tab_id=&#8221;1618413536705-56c4170d-9db1&#8243;][vc_gallery type=&#8221;image_grid&#8221; images=&#8221;9665,9666,9667,9668,9669,9670&#8243;][\/vc_tta_section][vc_tta_section title=&#8221;Karacabey RES&#8221; tab_id=&#8221;1618413681842-b78e9165-c37c&#8221;][vc_gallery type=&#8221;image_grid&#8221; images=&#8221;9672,9673,9674,9675,9676,9677&#8243;][\/vc_tta_section][vc_tta_section title=&#8221;Karada\u011f RES&#8221; tab_id=&#8221;1618413912411-dede209d-1b9c&#8221;][vc_gallery type=&#8221;image_grid&#8221; images=&#8221;9679,9680,9681,9682,9683,9684&#8243;][\/vc_tta_section][vc_tta_section title=&#8221;Pitane RES&#8221; tab_id=&#8221;1618414203367-061850cf-119b&#8221;][vc_gallery type=&#8221;image_grid&#8221; images=&#8221;9686,9687,9688,9689,9690,9691,9692,9693,9694,9695&#8243;][\/vc_tta_section][vc_tta_section title=&#8221;\u015eehzade RES&#8221; tab_id=&#8221;1618414418463-62463aa5-77d6&#8243;][vc_gallery type=&#8221;image_grid&#8221; images=&#8221;9697,9698,9699,9700,9701,9702,9703,9704,9705&#8243;][\/vc_tta_section][\/vc_tta_tour][\/vc_column][\/vc_row][vc_row][vc_column][vc_column_text]<\/p>\n<h3 style=\"text-align: center;\">Unlicensed Projects<\/h3>\n<p>[\/vc_column_text][vc_tta_tour][vc_tta_section title=&#8221;Select a project&#8221; tab_id=&#8221;1618414583631-6cc996ff-a4f4&#8243;][vc_column_text]<\/p>\n<p style=\"text-align: center;\"><strong>You can reach our projects from the side menu.<\/strong><\/p>\n<p style=\"text-align: center;\"><img class=\"wp-image-9745 size-medium aligncenter\" src=\"http:\/\/www.ikaenerji.com\/wp-content\/uploads\/2021\/04\/PNG-Oklar-72-300x162.png\" alt=\"\" width=\"100\" srcset=\"http:\/\/www.ikaenerji.com\/en\/wp-content\/uploads\/2021\/04\/PNG-Oklar-72-300x162.png 300w, http:\/\/www.ikaenerji.com\/en\/wp-content\/uploads\/2021\/04\/PNG-Oklar-72.png 500w\" sizes=\"(max-width: 300px) 100vw, 300px\" \/><\/p>\n<p>[\/vc_column_text][\/vc_tta_section][vc_tta_section title=&#8221;Bo\u011fazi\u00e7i Univercity RES (B\u00dcRES)&#8221; tab_id=&#8221;1618414583655-68b32a0e-e7eb&#8221;][vc_gallery type=&#8221;image_grid&#8221; images=&#8221;9709,9710,9711,9712,9713,9714,9715,9716,9717,9718,9719,9720,9721,9722,9723,9724,9725&#8243;][\/vc_tta_section][vc_tta_section title=&#8221;Serin Sa\u011fl\u0131k RES&#8221; tab_id=&#8221;1618415126282-e60a118e-b307&#8243;][vc_gallery type=&#8221;image_grid&#8221; images=&#8221;9727,9728,9729,9730,9731,9732,9733,9734,9735,9736,9737,9738,9739,9740,9741,9742,9743&#8243;][\/vc_tta_section][\/vc_tta_tour][\/vc_column][\/vc_row]<\/p>\n","protected":false},"excerpt":{"rendered":"<p>[vc_row][vc_column][vc_column_text] Licensed Projects [\/vc_column_text][vc_tta_tour][vc_tta_section title=&#8221;Select a project&#8221; tab_id=&#8221;1618413042686-1a9cffb2-55bd&#8221;][vc_column_text] You can reach our projects from the side menu. [\/vc_column_text][\/vc_tta_section][vc_tta_section title=&#8221;Ba\u011faras\u0131 RES&#8221; tab_id=&#8221;1618413042698-317bbe9a-13cc&#8221;][vc_gallery type=&#8221;image_grid&#8221; images=&#8221;9646,9647,9648,9649,9650,9651,9652,9653,9654,9655,9656,9657,9658,9659,9660,9661,9662,9663&#8243;][\/vc_tta_section][vc_tta_section title=&#8221;Band\u0131rma RES&#8221; tab_id=&#8221;1618413536705-56c4170d-9db1&#8243;][vc_gallery type=&#8221;image_grid&#8221; images=&#8221;9665,9666,9667,9668,9669,9670&#8243;][\/vc_tta_section][vc_tta_section title=&#8221;Karacabey RES&#8221; tab_id=&#8221;1618413681842-b78e9165-c37c&#8221;][vc_gallery type=&#8221;image_grid&#8221; images=&#8221;9672,9673,9674,9675,9676,9677&#8243;][\/vc_tta_section][vc_tta_section title=&#8221;Karada\u011f RES&#8221; tab_id=&#8221;1618413912411-dede209d-1b9c&#8221;][vc_gallery type=&#8221;image_grid&#8221; images=&#8221;9679,9680,9681,9682,9683,9684&#8243;][\/vc_tta_section][vc_tta_section title=&#8221;Pitane RES&#8221; tab_id=&#8221;1618414203367-061850cf-119b&#8221;][vc_gallery type=&#8221;image_grid&#8221; images=&#8221;9686,9687,9688,9689,9690,9691,9692,9693,9694,9695&#8243;][\/vc_tta_section][vc_tta_section title=&#8221;\u015eehzade RES&#8221; tab_id=&#8221;1618414418463-62463aa5-77d6&#8243;][vc_gallery type=&#8221;image_grid&#8221; images=&#8221;9697,9698,9699,9700,9701,9702,9703,9704,9705&#8243;][\/vc_tta_section][\/vc_tta_tour][\/vc_column][\/vc_row][vc_row][vc_column][vc_column_text] Unlicensed Projects [\/vc_column_text][vc_tta_tour][vc_tta_section title=&#8221;Select a project&#8221; tab_id=&#8221;1618414583631-6cc996ff-a4f4&#8243;][vc_column_text] [&hellip;]<\/p>\n","protected":false},"author":1,"featured_media":0,"parent":0,"menu_order":0,"comment_status":"closed","ping_status":"closed","template":"","meta":[],"_links":{"self":[{"href":"http:\/\/www.ikaenerji.com\/en\/wp-json\/wp\/v2\/pages\/9465"}],"collection":[{"href":"http:\/\/www.ikaenerji.com\/en\/wp-json\/wp\/v2\/pages"}],"about":[{"href":"http:\/\/www.ikaenerji.com\/en\/wp-json\/wp\/v2\/types\/page"}],"author":[{"embeddable":true,"href":"http:\/\/www.ikaenerji.com\/en\/wp-json\/wp\/v2\/users\/1"}],"replies":[{"embeddable":true,"href":"http:\/\/www.ikaenerji.com\/en\/wp-json\/wp\/v2\/comments?post=9465"}],"version-history":[{"count":17,"href":"http:\/\/www.ikaenerji.com\/en\/wp-json\/wp\/v2\/pages\/9465\/revisions"}],"predecessor-version":[{"id":9823,"href":"http:\/\/www.ikaenerji.com\/en\/wp-json\/wp\/v2\/pages\/9465\/revisions\/9823"}],"wp:attachment":[{"href":"http:\/\/www.ikaenerji.com\/en\/wp-json\/wp\/v2\/media?parent=9465"}],"curies":[{"name":"wp","href":"https:\/\/api.w.org\/{rel}","templated":true}]}}