{"id":6242,"date":"2018-02-06T10:48:10","date_gmt":"2018-02-06T10:48:10","guid":{"rendered":"https:\/\/bellavita.modeltheme.com\/?page_id=6242"},"modified":"2021-04-15T09:48:43","modified_gmt":"2021-04-15T09:48:43","slug":"home-consulting","status":"publish","type":"page","link":"http:\/\/www.ikaenerji.com\/en\/","title":{"rendered":"Home Consulting"},"content":{"rendered":"<p>[vc_row][vc_column][vc_raw_html]JTNDZGl2JTIwc3R5bGUlM0QlMjJtYXJnaW4tdG9wJTNBNTBweCUzQiUyMiUzRSUzQ2RpdiUzRQ==[\/vc_raw_html][vc_column_text]<\/p>\n<h2 class=\"section-title\" style=\"text-align: center;\">\u0130ka Energy Engineering San. Ve Tic. Ltd. \u015eti.<\/h2>\n<p>[\/vc_column_text][vc_column_text css_animation=&#8221;fadeInRightBig&#8221;]<\/p>\n<p style=\"text-align: center; font-size: 13px;\">Welcome to IKA Enerji Ltd<\/p>\n<p style=\"text-align: center; font-size: 13px;\">Leading Consultants in Wind Power Development and Project Management<\/p>\n<p style=\"text-align: center; font-size: 13px;\">IKA Enerji was founded by senior managers from a diversity background in Wind &amp; Construction Industry. Our Advantage is our \u201cKnowledge\u201d regarding the specific challanges during various project phases.<\/p>\n<p style=\"text-align: center; font-size: 13px;\">We have experience from more than 25 realized projects national as well as international upto 1200 MW.<\/p>\n<p style=\"text-align: center; font-size: 13px;\">We look forward to offer you the independent and professional assistance that could bring a real value to your wind energy projects and to reach to the planned value for your projects.<\/p>\n<p style=\"text-align: center; font-size: 13px;\">We kindly ask you to check our web page and whenever a topic cathces your interest please feel free to contact to us.<\/p>\n<p>[\/vc_column_text][\/vc_column][\/vc_row][vc_row full_width=&#8221;stretch_row&#8221;][vc_column][vc_raw_html]JTNDcCUyMHN0eWxlJTNEJTIydGV4dC1hbGlnbiUzQSUyMGNlbnRlciUzQmZvbnQtd2VpZ2h0JTNBJTIwNjAwJTNCZm9udC1zaXplJTNBJTIwMTVweCUzQmNvbG9yJTNBJTIwJTIzZmZmZmZmJTNCYmFja2dyb3VuZC1jb2xvciUzQSUyMCUyMzFlNzNiZSUzQnBhZGRpbmclM0ElMjA4cHglM0JtYXJnaW4lM0ElMjAwJTNCYm9yZGVyLXJhZGl1cyUzQSUyMDVweCUzQm1hcmdpbi10b3AlM0ElMjAzOXB4JTNCbWFyZ2luLWJvdHRvbSUzQSUyMDE0cHglM0IlMjIlM0UlM0NpJTIwY2xhc3MlM0QlMjJmYSUyMGZhLWJ1bGxob3JuJTIyJTIwYXJpYS1oaWRkZW4lM0QlMjJ0cnVlJTIyJTNFJTNDJTJGaSUzRSUwQU9VUiUyMFNFUlZJQ0VTJTBBJTNDJTJGcCUzRQ==[\/vc_raw_html][vc_row_inner][vc_column_inner width=&#8221;1\/4&#8243;][vc_column_text]<img src=\"http:\/\/ikaenerji.com\/en\/en-resim\/proje-yonetim1.jpg \" \/>[\/vc_column_text][vc_column_text]<\/p>\n<h3 style=\"text-align: center;\">Project Management<\/h3>\n<p>[\/vc_column_text][vc_column_text]<\/p>\n<p style=\"text-align: center; font-size: 12px;\">Wind analysis \/ measurement Cost and cash management Turbine selection \/ Contract management Management of&#8230;<\/p>\n<p>[\/vc_column_text][vc_raw_html]JTNDc3R5bGUlM0UlMEEuYnRuJTIwJTdCJTBBJTIwJTIwYm9yZGVyJTNBJTIwbm9uZSUzQiUwQSUyMCUyMGJhY2tncm91bmQtY29sb3IlM0ElMjBpbmhlcml0JTNCJTBBJTIwJTIwcGFkZGluZyUzQSUyMDZweCUyMDEwcHglM0IlMEElMjAlMjBmb250LXNpemUlM0ElMjAxNHB4JTNCJTBBJTIwJTIwY3Vyc29yJTNBJTIwcG9pbnRlciUzQiUwQSUyMCUyMGRpc3BsYXklM0ElMjBpbmxpbmUtYmxvY2slM0IlMEElMjAlMjBib3JkZXIlM0ExcHglMjBzb2xpZCUyMCUyMzFlNzNiZSUzQiUwQSUyMCUyMGJvcmRlci1yYWRpdXMlM0ElMjAzcHglM0IlMEElMjAlMjBmb250LXdlaWdodCUzQTUwMCUzQiUwQSUyMCUyMG1hcmdpbi10b3AlM0ExMHB4JTNCJTBBJTIwJTIwYmFja2dyb3VuZCUzQSUyMCUyMzFlNzNiZSUzQiUwQSUyMCUyMGNvbG9yJTNBJTIwJTIzZmZmJTNCJTBBJTdEJTBBJTBBLmJ0biUzQWhvdmVyJTIwJTdCYmFja2dyb3VuZCUzQSUyMCUyMzQ4YTdmYiUzQiUyMGNvbG9yJTNBJTIzZmZmJTNCJTIwYm9yZGVyJTNBMXB4JTIwc29saWQlMjAlMjM0OGE3ZmIlM0IlN0QlMEElMEEuc3VjY2VzcyUyMCU3QmNvbG9yJTNBJTIwZ3JlZW4lM0IlN0QlMEEuaW5mbyUyMCU3QmNvbG9yJTNBJTIwJTIzZmZmJTNCJTdEJTBBLndhcm5pbmclMjAlN0Jjb2xvciUzQSUyMG9yYW5nZSUzQiU3RCUwQS5kYW5nZXIlMjAlN0Jjb2xvciUzQSUyMHJlZCUzQiU3RCUwQS5kZWZhdWx0JTIwJTdCY29sb3IlM0ElMjBibGFjayUzQiU3RCUwQSUzQyUyRnN0eWxlJTNFJTBBJTNDJTJGaGVhZCUzRSUwQSUzQ2JvZHklM0UlMEElMEElMEElMEElMEElM0NjZW50ZXIlM0UlM0NhJTIwaHJlZiUzRCUyMmh0dHAlM0ElMkYlMkZ3d3cuaWthZW5lcmppLmNvbSUyRmVuJTJGcHJvamVjdC1tYW5hZ2VtZW50JTJGJTIyJTNFJTNDYnV0dG9uJTIwY2xhc3MlM0QlMjJidG4lMjBpbmZvJTIyJTNFUmVhZCUyME1vcmUlM0MlMkZidXR0b24lM0UlM0MlMkZhJTNFJTNDJTJGY2VudGVyJTNF[\/vc_raw_html][\/vc_column_inner][vc_column_inner width=&#8221;1\/4&#8243;][vc_column_text]<img src=\"http:\/\/ikaenerji.com\/en\/en-resim\/kirmizi-yonetim.jpg \" \/>[\/vc_column_text][vc_column_text]<\/p>\n<h3 style=\"text-align: center;\">Turnkey Projects<\/h3>\n<p>[\/vc_column_text][vc_column_text]<\/p>\n<p style=\"text-align: center; font-size: 12px;\">Project Stages Wind analysis Application System connection agreement Bankable project report Site&#8230;<\/p>\n<p>[\/vc_column_text][vc_raw_html]JTNDc3R5bGUlM0UlMEEuYnRuJTIwJTdCJTBBJTIwJTIwYm9yZGVyJTNBJTIwbm9uZSUzQiUwQSUyMCUyMGJhY2tncm91bmQtY29sb3IlM0ElMjBpbmhlcml0JTNCJTBBJTIwJTIwcGFkZGluZyUzQSUyMDZweCUyMDEwcHglM0IlMEElMjAlMjBmb250LXNpemUlM0ElMjAxNHB4JTNCJTBBJTIwJTIwY3Vyc29yJTNBJTIwcG9pbnRlciUzQiUwQSUyMCUyMGRpc3BsYXklM0ElMjBpbmxpbmUtYmxvY2slM0IlMEElMjAlMjBib3JkZXIlM0ExcHglMjBzb2xpZCUyMCUyMzFlNzNiZSUzQiUwQSUyMCUyMGJvcmRlci1yYWRpdXMlM0ElMjAzcHglM0IlMEElMjAlMjBmb250LXdlaWdodCUzQTUwMCUzQiUwQSUyMCUyMG1hcmdpbi10b3AlM0ExMHB4JTNCJTBBJTIwJTIwYmFja2dyb3VuZCUzQSUyMCUyMzFlNzNiZSUzQiUwQSUyMCUyMGNvbG9yJTNBJTIwJTIzZmZmJTNCJTBBJTdEJTBBJTBBLmJ0biUzQWhvdmVyJTIwJTdCYmFja2dyb3VuZCUzQSUyMCUyMzQ4YTdmYiUzQiUyMGNvbG9yJTNBJTIzZmZmJTNCJTIwYm9yZGVyJTNBMXB4JTIwc29saWQlMjAlMjM0OGE3ZmIlM0IlN0QlMEElMEEuc3VjY2VzcyUyMCU3QmNvbG9yJTNBJTIwZ3JlZW4lM0IlN0QlMEEuaW5mbyUyMCU3QmNvbG9yJTNBJTIwJTIzZmZmJTNCJTdEJTBBLndhcm5pbmclMjAlN0Jjb2xvciUzQSUyMG9yYW5nZSUzQiU3RCUwQS5kYW5nZXIlMjAlN0Jjb2xvciUzQSUyMHJlZCUzQiU3RCUwQS5kZWZhdWx0JTIwJTdCY29sb3IlM0ElMjBibGFjayUzQiU3RCUwQSUzQyUyRnN0eWxlJTNFJTBBJTNDJTJGaGVhZCUzRSUwQSUzQ2JvZHklM0UlMEElMEElMEElMEElMEElM0NjZW50ZXIlM0UlM0NhJTIwaHJlZiUzRCUyMmh0dHAlM0ElMkYlMkZ3d3cuaWthZW5lcmppLmNvbSUyRmVuJTJGdHVybmtleS1wcm9qZWN0JTJGJTIyJTNFJTNDYnV0dG9uJTIwY2xhc3MlM0QlMjJidG4lMjBpbmZvJTIyJTNFUmVhZCUyME1vcmUlM0MlMkZidXR0b24lM0UlM0MlMkZhJTNFJTNDJTJGY2VudGVyJTNF[\/vc_raw_html][\/vc_column_inner][vc_column_inner width=&#8221;1\/4&#8243;][vc_column_text]<img src=\"http:\/\/ikaenerji.com\/en\/en-resim\/danismanlik-en.jpg \" \/>[\/vc_column_text][vc_column_text]<\/p>\n<h3 style=\"text-align: center;\">Consultancy<\/h3>\n<p>[\/vc_column_text][vc_column_text]<\/p>\n<p style=\"text-align: center; font-size: 12px;\">Employer Consultancy Preparation of technical specifications Generating tender documents Evaluation of&#8230;<\/p>\n<p>[\/vc_column_text][vc_raw_html]JTNDc3R5bGUlM0UlMEEuYnRuJTIwJTdCJTBBJTIwJTIwYm9yZGVyJTNBJTIwbm9uZSUzQiUwQSUyMCUyMGJhY2tncm91bmQtY29sb3IlM0ElMjBpbmhlcml0JTNCJTBBJTIwJTIwcGFkZGluZyUzQSUyMDZweCUyMDEwcHglM0IlMEElMjAlMjBmb250LXNpemUlM0ElMjAxNHB4JTNCJTBBJTIwJTIwY3Vyc29yJTNBJTIwcG9pbnRlciUzQiUwQSUyMCUyMGRpc3BsYXklM0ElMjBpbmxpbmUtYmxvY2slM0IlMEElMjAlMjBib3JkZXIlM0ExcHglMjBzb2xpZCUyMCUyMzFlNzNiZSUzQiUwQSUyMCUyMGJvcmRlci1yYWRpdXMlM0ElMjAzcHglM0IlMEElMjAlMjBmb250LXdlaWdodCUzQTUwMCUzQiUwQSUyMCUyMG1hcmdpbi10b3AlM0ExMHB4JTNCJTBBJTIwJTIwYmFja2dyb3VuZCUzQSUyMCUyMzFlNzNiZSUzQiUwQSUyMCUyMGNvbG9yJTNBJTIwJTIzZmZmJTNCJTBBJTdEJTBBJTBBLmJ0biUzQWhvdmVyJTIwJTdCYmFja2dyb3VuZCUzQSUyMCUyMzQ4YTdmYiUzQiUyMGNvbG9yJTNBJTIzZmZmJTNCJTIwYm9yZGVyJTNBMXB4JTIwc29saWQlMjAlMjM0OGE3ZmIlM0IlN0QlMEElMEEuc3VjY2VzcyUyMCU3QmNvbG9yJTNBJTIwZ3JlZW4lM0IlN0QlMEEuaW5mbyUyMCU3QmNvbG9yJTNBJTIwJTIzZmZmJTNCJTdEJTBBLndhcm5pbmclMjAlN0Jjb2xvciUzQSUyMG9yYW5nZSUzQiU3RCUwQS5kYW5nZXIlMjAlN0Jjb2xvciUzQSUyMHJlZCUzQiU3RCUwQS5kZWZhdWx0JTIwJTdCY29sb3IlM0ElMjBibGFjayUzQiU3RCUwQSUzQyUyRnN0eWxlJTNFJTBBJTNDJTJGaGVhZCUzRSUwQSUzQ2JvZHklM0UlMEElMEElMEElMEElMEElM0NjZW50ZXIlM0UlM0NhJTIwaHJlZiUzRCUyMmh0dHAlM0ElMkYlMkZ3d3cuaWthZW5lcmppLmNvbSUyRmVuJTJGY29uc3VsdGFuY3klMkYlMjIlM0UlM0NidXR0b24lMjBjbGFzcyUzRCUyMmJ0biUyMGluZm8lMjIlM0VSZWFkJTIwTW9yZSUzQyUyRmJ1dHRvbiUzRSUzQyUyRmElM0UlM0MlMkZjZW50ZXIlM0U=[\/vc_raw_html][\/vc_column_inner][vc_column_inner width=&#8221;1\/4&#8243;][vc_column_text]<img src=\"http:\/\/ikaenerji.com\/en\/en-resim\/HSE-YONETIM.jpg \" \/>[\/vc_column_text][vc_column_text]<\/p>\n<h3 style=\"text-align: center;\">HSE Management<\/h3>\n<p>[\/vc_column_text][vc_column_text]<\/p>\n<p style=\"text-align: center; font-size: 12px;\">Increasing HSE awareness of all project groups Project Evaluation and previous experiences Establishing preventative&#8230;<\/p>\n<p>[\/vc_column_text][vc_raw_html]JTNDc3R5bGUlM0UlMEEuYnRuJTIwJTdCJTBBJTIwJTIwYm9yZGVyJTNBJTIwbm9uZSUzQiUwQSUyMCUyMGJhY2tncm91bmQtY29sb3IlM0ElMjBpbmhlcml0JTNCJTBBJTIwJTIwcGFkZGluZyUzQSUyMDZweCUyMDEwcHglM0IlMEElMjAlMjBmb250LXNpemUlM0ElMjAxNHB4JTNCJTBBJTIwJTIwY3Vyc29yJTNBJTIwcG9pbnRlciUzQiUwQSUyMCUyMGRpc3BsYXklM0ElMjBpbmxpbmUtYmxvY2slM0IlMEElMjAlMjBib3JkZXIlM0ExcHglMjBzb2xpZCUyMCUyMzFlNzNiZSUzQiUwQSUyMCUyMGJvcmRlci1yYWRpdXMlM0ElMjAzcHglM0IlMEElMjAlMjBmb250LXdlaWdodCUzQTUwMCUzQiUwQSUyMCUyMG1hcmdpbi10b3AlM0ExMHB4JTNCJTBBJTIwJTIwYmFja2dyb3VuZCUzQSUyMCUyMzFlNzNiZSUzQiUwQSUyMCUyMGNvbG9yJTNBJTIwJTIzZmZmJTNCJTBBJTdEJTBBJTBBLmJ0biUzQWhvdmVyJTIwJTdCYmFja2dyb3VuZCUzQSUyMCUyMzQ4YTdmYiUzQiUyMGNvbG9yJTNBJTIzZmZmJTNCJTIwYm9yZGVyJTNBMXB4JTIwc29saWQlMjAlMjM0OGE3ZmIlM0IlN0QlMEElMEEuc3VjY2VzcyUyMCU3QmNvbG9yJTNBJTIwZ3JlZW4lM0IlN0QlMEEuaW5mbyUyMCU3QmNvbG9yJTNBJTIwJTIzZmZmJTNCJTdEJTBBLndhcm5pbmclMjAlN0Jjb2xvciUzQSUyMG9yYW5nZSUzQiU3RCUwQS5kYW5nZXIlMjAlN0Jjb2xvciUzQSUyMHJlZCUzQiU3RCUwQS5kZWZhdWx0JTIwJTdCY29sb3IlM0ElMjBibGFjayUzQiU3RCUwQSUzQyUyRnN0eWxlJTNFJTBBJTNDJTJGaGVhZCUzRSUwQSUzQ2JvZHklM0UlMEElMEElMEElMEElMEElM0NjZW50ZXIlM0UlM0NhJTIwaHJlZiUzRCUyMmh0dHAlM0ElMkYlMkZ3d3cuaWthZW5lcmppLmNvbSUyRmVuJTJGaHNlLW1hbmFnZW1lbnQlMkYlMjIlM0UlM0NidXR0b24lMjBjbGFzcyUzRCUyMmJ0biUyMGluZm8lMjIlM0VSZWFkJTIwTW9yZSUzQyUyRmJ1dHRvbiUzRSUzQyUyRmElM0UlM0MlMkZjZW50ZXIlM0U=[\/vc_raw_html][\/vc_column_inner][\/vc_row_inner][\/vc_column][\/vc_row][vc_row full_width=&#8221;stretch_row_content_no_spaces&#8221; css=&#8221;.vc_custom_1618399090077{margin-top: 0px !important;margin-bottom: 0px !important;border-top-width: 0px !important;border-bottom-width: 0px !important;padding-top: 0px !important;padding-bottom: 0px !important;background-image: url(http:\/\/www.ikaenerji.com\/wp-content\/uploads\/2021\/04\/wqe.jpg?id=9530) !important;}&#8221;][vc_column][vc_column_text]<\/p>\n<h2 style=\"text-align: center;\"><span style=\"color: #ffffff;\">STATISTICS<\/span><\/h2>\n<p>[\/vc_column_text][vc_column_text]<\/p>\n<p style=\"text-align: center;\"><span style=\"color: #ffffff;\">Project statistics we have done up to this day<\/span><\/p>\n<p>[\/vc_column_text][vc_row_inner][vc_column_inner width=&#8221;1\/3&#8243;]<div class=\"stats-block statistics animateIn\" data-animate=\"fadeIn\"><div class=\"stats-head\"><p class=\"stat-number skill\"><\/p><\/div><div class=\"stats-content percentage\" data-perc=\"21\"><h1 class=\"skill-count\" style=\"color:#ffffff;\">21<\/h1><h3 class=\"skill-title\" style=\"text-align:center;color:#ffffff;\">Licenced Wind Power Plent<\/h3><\/div><\/div>[\/vc_column_inner][vc_column_inner width=&#8221;1\/3&#8243;]<div class=\"stats-block statistics animateIn\" data-animate=\"fadeIn\"><div class=\"stats-head\"><p class=\"stat-number skill\"><\/p><\/div><div class=\"stats-content percentage\" data-perc=\"6\"><h1 class=\"skill-count\" style=\"color:#ffffff;\">6<\/h1><h3 class=\"skill-title\" style=\"text-align:center;color:#ffffff;\">Unlicensed Wind Power Plent<\/h3><\/div><\/div>[\/vc_column_inner][vc_column_inner width=&#8221;1\/3&#8243;]<div class=\"stats-block statistics animateIn\" data-animate=\"fadeIn\"><div class=\"stats-head\"><p class=\"stat-number skill\"><\/p><\/div><div class=\"stats-content percentage\" data-perc=\"1226\"><h1 class=\"skill-count\" style=\"color:#ffffff;\">1226<\/h1><h3 class=\"skill-title\" style=\"text-align:center;color:#ffffff;\">Total Installed Power<\/h3><\/div><\/div>[\/vc_column_inner][\/vc_row_inner][\/vc_column][\/vc_row][vc_row full_width=&#8221;stretch_row&#8221; content_placement=&#8221;top&#8221; css=&#8221;.vc_custom_1618423056039{margin-top: 0px !important;margin-bottom: 0px !important;border-top-width: 0px !important;border-bottom-width: 0px !important;padding-top: 0px !important;padding-bottom: 0px !important;background-image: url(http:\/\/www.ikaenerji.com\/wp-content\/uploads\/2021\/04\/as2.png?id=9579) !important;background-position: center !important;background-repeat: no-repeat !important;background-size: cover !important;}&#8221;][vc_column][vc_raw_html]JTNDcCUyMHN0eWxlJTNEJTIydGV4dC1hbGlnbiUzQSUyMGNlbnRlciUzQmZvbnQtd2VpZ2h0JTNBJTIwNjAwJTNCZm9udC1zaXplJTNBJTIwMTVweCUzQmNvbG9yJTNBJTIwJTIzZmZmZmZmJTNCYmFja2dyb3VuZC1jb2xvciUzQSUyMCUyMzFlNzNiZSUzQnBhZGRpbmclM0ElMjA4cHglM0JtYXJnaW4lM0ElMjAwJTNCYm9yZGVyLXJhZGl1cyUzQSUyMDVweCUzQm1hcmdpbi10b3AlM0ElMjAzOXB4JTNCbWFyZ2luLWJvdHRvbSUzQSUyMDE0cHglM0IlMjIlM0UlM0NpJTIwY2xhc3MlM0QlMjJmYSUyMGZhLWJ1bGxob3JuJTIyJTIwYXJpYS1oaWRkZW4lM0QlMjJ0cnVlJTIyJTNFJTNDJTJGaSUzRSUwQU5ld3MlMjBmcm9tJTIwdXMlMEElM0MlMkZwJTNF[\/vc_raw_html]<div class=\"blog-posts simple-posts blog-posts-shortcode wow fadeIn\"><div class=\"row\"><div class=\"vc_col-sm-4\">\n                      <article class=\"single-post list-view\">\n                        <div class=\"blog_custom\">\n\n\n                          <!-- POST THUMBNAIL -->\n                          <div class=\"col-md-12 post-thumbnail\">\n                              <a class=\"relative\" href=\"http:\/\/www.ikaenerji.com\/en\/bandirma-res-165-mw-devreye-alindi\/\"><div class=\"grid\">\n                            <img class=\"blog_post_image\" src=\"http:\/\/www.ikaenerji.com\/en\/wp-content\/uploads\/2021\/04\/DSC03927-1-scaled.jpg\" alt=\"BANDIRMA RES (16,5 MW) DEVREYE ALINDI\" \/>\n                        <\/div><\/a>\n                          <\/div>\n\n\n\n\n\n                          <!-- POST DETAILS -->\n                          <div class=\"post-details col-md-12\">\n\n\n                            <h3 class=\"post-name row\">\n                              <a href=\"http:\/\/www.ikaenerji.com\/en\/bandirma-res-165-mw-devreye-alindi\/\" title=\"BANDIRMA RES (16,5 MW) DEVREYE ALINDI\">BANDIRMA RES (16,5 MW) DEVREYE ALINDI<\/a>\n                            <\/h3>\n\n                            \n\n\n                            <div class=\"post-excerpt row\">\n                                <p>\nSaha y\u00f6netimi taraf\u0131m\u0131zdan ger\u00e7ekle\u015ftirilen 5 adet Nordex \u2013 N100 \u00a03,3 MW\u2019lik \u00a0t\u00fcrbinlerin montaj ve devreye alma \u00e7al\u0131\u015fmalar\u0131\u00a02015\u2032in son g\u00fcnlerinde bitirildi.<\/p>\n                                <div class=\"text-element content-element\">\n                                <p class=\"text-left pull-left\">Post by: admin<\/p>\n                                <p class=\"text-right pull-right\">Nisan 14, 2021<\/p>\n                                <\/div>\n                            <\/div>\n                          <\/div>\n\n                          \n\n                        <\/div>\n                      <\/article>\n                    <\/div><div class=\"vc_col-sm-4\">\n                      <article class=\"single-post list-view\">\n                        <div class=\"blog_custom\">\n\n\n                          <!-- POST THUMBNAIL -->\n                          <div class=\"col-md-12 post-thumbnail\">\n                              <a class=\"relative\" href=\"http:\/\/www.ikaenerji.com\/en\/icci-2017\/\"><div class=\"grid\">\n                            <img class=\"blog_post_image\" src=\"http:\/\/www.ikaenerji.com\/en\/wp-content\/uploads\/2021\/04\/20170503_103341-scaled.jpg\" alt=\"ICCI 2017\" \/>\n                        <\/div><\/a>\n                          <\/div>\n\n\n\n\n\n                          <!-- POST DETAILS -->\n                          <div class=\"post-details col-md-12\">\n\n\n                            <h3 class=\"post-name row\">\n                              <a href=\"http:\/\/www.ikaenerji.com\/en\/icci-2017\/\" title=\"ICCI 2017\">ICCI 2017<\/a>\n                            <\/h3>\n\n                            \n\n\n                            <div class=\"post-excerpt row\">\n                                <p>\nT\u00fcm fuar boyunca di\u011fer sekt\u00f6r temsilcileri ve yat\u0131r\u0131mc\u0131larla do\u011frudan temas ederek R\u00fczgar enerjisinin geli\u015fme potansiyeli ve sekt\u00f6rde IKA ENERJI\u2019nin bitmi\u015f<\/p>\n                                <div class=\"text-element content-element\">\n                                <p class=\"text-left pull-left\">Post by: admin<\/p>\n                                <p class=\"text-right pull-right\">Nisan 14, 2021<\/p>\n                                <\/div>\n                            <\/div>\n                          <\/div>\n\n                          \n\n                        <\/div>\n                      <\/article>\n                    <\/div><div class=\"vc_col-sm-4\">\n                      <article class=\"single-post list-view\">\n                        <div class=\"blog_custom\">\n\n\n                          <!-- POST THUMBNAIL -->\n                          <div class=\"col-md-12 post-thumbnail\">\n                              <a class=\"relative\" href=\"http:\/\/www.ikaenerji.com\/en\/bogazici-universitesi-res-devreye-alindi\/\"><div class=\"grid\">\n                            <img class=\"blog_post_image\" src=\"http:\/\/www.ikaenerji.com\/en\/wp-content\/uploads\/2021\/04\/24639.jpg\" alt=\"BO\u011eAZ\u0130\u00c7\u0130 \u00dcN\u0130VERS\u0130TES\u0130 RES DEVREYE ALINDI\" \/>\n                        <\/div><\/a>\n                          <\/div>\n\n\n\n\n\n                          <!-- POST DETAILS -->\n                          <div class=\"post-details col-md-12\">\n\n\n                            <h3 class=\"post-name row\">\n                              <a href=\"http:\/\/www.ikaenerji.com\/en\/bogazici-universitesi-res-devreye-alindi\/\" title=\"BO\u011eAZ\u0130\u00c7\u0130 \u00dcN\u0130VERS\u0130TES\u0130 RES DEVREYE ALINDI\">BO\u011eAZ\u0130\u00c7\u0130 \u00dcN\u0130VERS\u0130TES\u0130 RES DEVREYE ALINDI<\/a>\n                            <\/h3>\n\n                            \n\n\n                            <div class=\"post-excerpt row\">\n                                <p>\n2013 YILINDAN BER\u0130 YAPIM HAZIRLIKLARI DEVAM EDEN BURES PROJEM\u0130Z\u0130\n\n\n\n26. ARALIK 2014 TAR\u0130H\u0130 \u0130T\u0130BAR\u0130YLE&nbsp;DEVREYE ALMI\u015e BULUNUYORUZ. BU SAYEDE\n\n\n\nBO\u011eAZ\u0130\u00c7\u0130 \u00dcN\u0130VERS\u0130TES\u0130\u2019N\u0130N K\u0130LYOS SARITEPE<\/p>\n                                <div class=\"text-element content-element\">\n                                <p class=\"text-left pull-left\">Post by: admin<\/p>\n                                <p class=\"text-right pull-right\">Nisan 14, 2021<\/p>\n                                <\/div>\n                            <\/div>\n                          <\/div>\n\n                          \n\n                        <\/div>\n                      <\/article>\n                    <\/div><\/div><\/div>[\/vc_column][\/vc_row]<\/p>\n","protected":false},"excerpt":{"rendered":"<p>[vc_row][vc_column][vc_raw_html]JTNDZGl2JTIwc3R5bGUlM0QlMjJtYXJnaW4tdG9wJTNBNTBweCUzQiUyMiUzRSUzQ2RpdiUzRQ==[\/vc_raw_html][vc_column_text] \u0130ka Energy Engineering San. Ve Tic. Ltd. \u015eti. [\/vc_column_text][vc_column_text css_animation=&#8221;fadeInRightBig&#8221;] Welcome to IKA Enerji Ltd Leading Consultants in Wind Power Development and Project Management IKA Enerji was founded by senior managers from a diversity background in Wind &amp; Construction Industry. Our Advantage is our \u201cKnowledge\u201d regarding the specific challanges during various project phases. We [&hellip;]<\/p>\n","protected":false},"author":1,"featured_media":0,"parent":0,"menu_order":0,"comment_status":"closed","ping_status":"closed","template":"","meta":[],"_links":{"self":[{"href":"http:\/\/www.ikaenerji.com\/en\/wp-json\/wp\/v2\/pages\/6242"}],"collection":[{"href":"http:\/\/www.ikaenerji.com\/en\/wp-json\/wp\/v2\/pages"}],"about":[{"href":"http:\/\/www.ikaenerji.com\/en\/wp-json\/wp\/v2\/types\/page"}],"author":[{"embeddable":true,"href":"http:\/\/www.ikaenerji.com\/en\/wp-json\/wp\/v2\/users\/1"}],"replies":[{"embeddable":true,"href":"http:\/\/www.ikaenerji.com\/en\/wp-json\/wp\/v2\/comments?post=6242"}],"version-history":[{"count":112,"href":"http:\/\/www.ikaenerji.com\/en\/wp-json\/wp\/v2\/pages\/6242\/revisions"}],"predecessor-version":[{"id":9844,"href":"http:\/\/www.ikaenerji.com\/en\/wp-json\/wp\/v2\/pages\/6242\/revisions\/9844"}],"wp:attachment":[{"href":"http:\/\/www.ikaenerji.com\/en\/wp-json\/wp\/v2\/media?parent=6242"}],"curies":[{"name":"wp","href":"https:\/\/api.w.org\/{rel}","templated":true}]}}