{"id":6156,"date":"2017-12-22T08:38:51","date_gmt":"2017-12-22T08:38:51","guid":{"rendered":"https:\/\/bellavita.modeltheme.com\/?page_id=6156"},"modified":"2021-04-14T20:39:36","modified_gmt":"2021-04-14T20:39:36","slug":"contact","status":"publish","type":"page","link":"http:\/\/www.ikaenerji.com\/en\/contact\/","title":{"rendered":"Contact Us"},"content":{"rendered":"<p>[vc_row full_width=&#8221;stretch_row&#8221; css=&#8221;.vc_custom_1618422813791{margin-top: 0px !important;margin-bottom: 0px !important;padding-top: 45px !important;padding-bottom: 80px !important;background: #ffffff url(http:\/\/www.ikaenerji.com\/wp-content\/uploads\/2021\/04\/as2.png?id=9579) !important;}&#8221;][vc_column width=&#8221;1\/2&#8243;][vc_cta h2=&#8221;\u0130KA Energy Engineering San. Tic. Ltd. \u015eti.&#8221; h2_font_container=&#8221;tag:h3|text_align:left&#8221; color=&#8221;blue&#8221; use_custom_fonts_h2=&#8221;true&#8221;]<i class=\"fa fa-location-arrow\" aria-hidden=\"true\"><\/i> Levent Mahallesi, Zambakl\u0131 Sokak No: 25\/2 \u2013 34330 \u2013 Be\u015fikta\u015f, \u0130stanbul<\/p>\n<p><i class=\"fa fa-phone\" aria-hidden=\"true\"><\/i> +(90) 530 333 90 52 | +(90) 530 014 79 01<\/p>\n<p><i class=\"fa fa-envelope\" aria-hidden=\"true\"><\/i> info@ikaenerji.com[\/vc_cta][vc_column_text]<iframe loading=\"lazy\" style=\"border: 0;\" src=\"https:\/\/www.google.com\/maps\/embed?pb=!1m14!1m8!1m3!1d12029.09482719479!2d29.015708000000004!3d41.084866!3m2!1i1024!2i768!4f13.1!3m3!1m2!1s0x14cab66e6b3550f7%3A0x4855dce342a52ba7!2zTGV2ZW50LCBaYW1iYWtsxLEgU2suIE5vOjI1LCAzNDMzMCBCZcWfaWt0YcWfL8Swc3RhbmJ1bCwgVMO8cmtpeWU!5e0!3m2!1str!2sus!4v1618422739098!5m2!1str!2sus\" width=\"600\" height=\"450\" allowfullscreen=\"allowfullscreen\"><\/iframe>[\/vc_column_text][\/vc_column][vc_column width=&#8221;1\/2&#8243;]<div role=\"form\" class=\"wpcf7\" id=\"wpcf7-f9820-o1\" lang=\"tr-TR\" dir=\"ltr\">\n<div class=\"screen-reader-response\"><p role=\"status\" aria-live=\"polite\" aria-atomic=\"true\"><\/p> <ul><\/ul><\/div>\n<form action=\"\/en\/wp-json\/wp\/v2\/pages\/6156#wpcf7-f9820-o1\" method=\"post\" class=\"wpcf7-form init\" novalidate=\"novalidate\" data-status=\"init\">\n<div style=\"display: none;\">\n<input type=\"hidden\" name=\"_wpcf7\" value=\"9820\" \/>\n<input type=\"hidden\" name=\"_wpcf7_version\" value=\"5.4\" \/>\n<input type=\"hidden\" name=\"_wpcf7_locale\" value=\"tr_TR\" \/>\n<input type=\"hidden\" name=\"_wpcf7_unit_tag\" value=\"wpcf7-f9820-o1\" \/>\n<input type=\"hidden\" name=\"_wpcf7_container_post\" value=\"0\" \/>\n<input type=\"hidden\" name=\"_wpcf7_posted_data_hash\" value=\"\" \/>\n<\/div>\n<p><label> Your Name and Surname<br \/>\n    <span class=\"wpcf7-form-control-wrap your-name\"><input type=\"text\" name=\"your-name\" value=\"\" size=\"40\" class=\"wpcf7-form-control wpcf7-text wpcf7-validates-as-required\" aria-required=\"true\" aria-invalid=\"false\" \/><\/span> <\/label><\/p>\n<p><label> E-mail Address<br \/>\n    <span class=\"wpcf7-form-control-wrap your-email\"><input type=\"email\" name=\"your-email\" value=\"\" size=\"40\" class=\"wpcf7-form-control wpcf7-text wpcf7-email wpcf7-validates-as-required wpcf7-validates-as-email\" aria-required=\"true\" aria-invalid=\"false\" \/><\/span> <\/label><\/p>\n<p><label> Subject<br \/>\n    <span class=\"wpcf7-form-control-wrap your-subject\"><input type=\"text\" name=\"your-subject\" value=\"\" size=\"40\" class=\"wpcf7-form-control wpcf7-text wpcf7-validates-as-required\" aria-required=\"true\" aria-invalid=\"false\" \/><\/span> <\/label><\/p>\n<p><label> Messages<br \/>\n    <span class=\"wpcf7-form-control-wrap your-message\"><textarea name=\"your-message\" cols=\"40\" rows=\"10\" class=\"wpcf7-form-control wpcf7-textarea\" aria-invalid=\"false\"><\/textarea><\/span> <\/label><\/p>\n<p><input type=\"submit\" value=\"Submit\" class=\"wpcf7-form-control wpcf7-submit\" \/><\/p>\n<div class=\"wpcf7-response-output\" aria-hidden=\"true\"><\/div><\/form><\/div>[\/vc_column][\/vc_row]<\/p>\n","protected":false},"excerpt":{"rendered":"<p>[vc_row full_width=&#8221;stretch_row&#8221; css=&#8221;.vc_custom_1618422813791{margin-top: 0px !important;margin-bottom: 0px !important;padding-top: 45px !important;padding-bottom: 80px !important;background: #ffffff url(http:\/\/www.ikaenerji.com\/wp-content\/uploads\/2021\/04\/as2.png?id=9579) !important;}&#8221;][vc_column width=&#8221;1\/2&#8243;][vc_cta h2=&#8221;\u0130KA Energy Engineering San. Tic. Ltd. \u015eti.&#8221; h2_font_container=&#8221;tag:h3|text_align:left&#8221; color=&#8221;blue&#8221; use_custom_fonts_h2=&#8221;true&#8221;] Levent Mahallesi, Zambakl\u0131 Sokak No: 25\/2 \u2013 34330 \u2013 Be\u015fikta\u015f, \u0130stanbul +(90) 530 333 90 52 | +(90) 530 014 79 01 info@ikaenerji.com[\/vc_cta][vc_column_text][\/vc_column_text][\/vc_column][vc_column width=&#8221;1\/2&#8243;][\/vc_column][\/vc_row]<\/p>\n","protected":false},"author":1,"featured_media":0,"parent":0,"menu_order":0,"comment_status":"closed","ping_status":"closed","template":"","meta":[],"_links":{"self":[{"href":"http:\/\/www.ikaenerji.com\/en\/wp-json\/wp\/v2\/pages\/6156"}],"collection":[{"href":"http:\/\/www.ikaenerji.com\/en\/wp-json\/wp\/v2\/pages"}],"about":[{"href":"http:\/\/www.ikaenerji.com\/en\/wp-json\/wp\/v2\/types\/page"}],"author":[{"embeddable":true,"href":"http:\/\/www.ikaenerji.com\/en\/wp-json\/wp\/v2\/users\/1"}],"replies":[{"embeddable":true,"href":"http:\/\/www.ikaenerji.com\/en\/wp-json\/wp\/v2\/comments?post=6156"}],"version-history":[{"count":19,"href":"http:\/\/www.ikaenerji.com\/en\/wp-json\/wp\/v2\/pages\/6156\/revisions"}],"predecessor-version":[{"id":9822,"href":"http:\/\/www.ikaenerji.com\/en\/wp-json\/wp\/v2\/pages\/6156\/revisions\/9822"}],"wp:attachment":[{"href":"http:\/\/www.ikaenerji.com\/en\/wp-json\/wp\/v2\/media?parent=6156"}],"curies":[{"name":"wp","href":"https:\/\/api.w.org\/{rel}","templated":true}]}}